{"id":8713,"date":"2022-06-14T22:43:02","date_gmt":"2022-06-14T19:43:02","guid":{"rendered":"https:\/\/boika.org\/?post_type=product&#038;p=8713"},"modified":"2022-06-25T10:38:17","modified_gmt":"2022-06-25T07:38:17","slug":"fasssauna","status":"publish","type":"product","link":"https:\/\/forgarden.de\/?product=fasssauna","title":{"rendered":"FASSSAUNA"},"content":{"rendered":"<p>Fasssauna ist eine vollwertige Sauna f\u00fcr den ganzj\u00e4hrigen Gebrauch, die auch bei strengem Frost gut die W\u00e4rme h\u00e4lt. Ideal zum Entspannen in der Natur oder im heimischen Garten.<\/p>\n","protected":false},"excerpt":{"rendered":"<p>Fasssauna ist eine vollwertige Sauna f\u00fcr den ganzj\u00e4hrigen Gebrauch, die auch bei strengem Frost gut die W\u00e4rme h\u00e4lt. Ideal zum Entspannen in der Natur oder im heimischen Garten.<\/p>\n","protected":false},"featured_media":8601,"comment_status":"open","ping_status":"closed","template":"","meta":[],"product_cat":[83,82],"product_tag":[],"class_list":{"0":"post-8713","1":"product","2":"type-product","3":"status-publish","4":"has-post-thumbnail","6":"product_cat-fassauna","7":"product_cat-sauna","8":"pa_brand-woodbau","10":"first","11":"instock","12":"shipping-taxable","13":"purchasable","14":"product-type-simple"},"_links":{"self":[{"href":"https:\/\/forgarden.de\/index.php?rest_route=\/wp\/v2\/product\/8713","targetHints":{"allow":["GET"]}}],"collection":[{"href":"https:\/\/forgarden.de\/index.php?rest_route=\/wp\/v2\/product"}],"about":[{"href":"https:\/\/forgarden.de\/index.php?rest_route=\/wp\/v2\/types\/product"}],"replies":[{"embeddable":true,"href":"https:\/\/forgarden.de\/index.php?rest_route=%2Fwp%2Fv2%2Fcomments&post=8713"}],"version-history":[{"count":2,"href":"https:\/\/forgarden.de\/index.php?rest_route=\/wp\/v2\/product\/8713\/revisions"}],"predecessor-version":[{"id":8715,"href":"https:\/\/forgarden.de\/index.php?rest_route=\/wp\/v2\/product\/8713\/revisions\/8715"}],"wp:featuredmedia":[{"embeddable":true,"href":"https:\/\/forgarden.de\/index.php?rest_route=\/wp\/v2\/media\/8601"}],"wp:attachment":[{"href":"https:\/\/forgarden.de\/index.php?rest_route=%2Fwp%2Fv2%2Fmedia&parent=8713"}],"wp:term":[{"taxonomy":"product_cat","embeddable":true,"href":"https:\/\/forgarden.de\/index.php?rest_route=%2Fwp%2Fv2%2Fproduct_cat&post=8713"},{"taxonomy":"product_tag","embeddable":true,"href":"https:\/\/forgarden.de\/index.php?rest_route=%2Fwp%2Fv2%2Fproduct_tag&post=8713"}],"curies":[{"name":"wp","href":"https:\/\/api.w.org\/{rel}","templated":true}]}}