{"id":8745,"date":"2022-06-14T23:09:24","date_gmt":"2022-06-14T20:09:24","guid":{"rendered":"https:\/\/boika.org\/?post_type=product&#038;p=8745"},"modified":"2022-06-25T10:37:49","modified_gmt":"2022-06-25T07:37:49","slug":"quadro-sauna","status":"publish","type":"product","link":"https:\/\/forgarden.de\/?product=quadro-sauna","title":{"rendered":"QUADRO SAUNA"},"content":{"rendered":"<p>Quadro-Sauna ist eine gute Wahl f\u00fcr alle, die einen zuverl\u00e4ssigen, sch\u00f6nen und benutzerfreundlichen Dampfraum w\u00fcnschen. Die Saunen zeichnen sich durch ihre au\u00dfergew\u00f6hnlichen Formen aus. Durch ungew\u00f6hnliches Design kann Sie nicht unbemerkt bleiben. Die Konstruktion f\u00fcgt sich besser in die Gestaltung des Grundst\u00fccks ein. Die Quadro-Sauna ist ger\u00e4umiger, weil sie in allen Bereichen des Raumes den gleichen Abstand von Boden zu Decke hat.<br \/>\nSie k\u00f6nnen Quadro-Sauna mit Elektro- oder Holzofen bestellen, die L\u00e4nge\/Durchmesser und innere Ausstattung nach Ihren Wunsch w\u00e4hlen sowie einen Duschraum, Terrasse oder Panoramafenster installieren.<\/p>\n","protected":false},"excerpt":{"rendered":"<p>Quadro-Sauna ist eine gute Wahl f\u00fcr alle, die einen zuverl\u00e4ssigen, sch\u00f6nen und benutzerfreundlichen Dampfraum w\u00fcnschen. Die Saunen zeichnen sich durch<\/p>\n","protected":false},"featured_media":8746,"comment_status":"open","ping_status":"closed","template":"","meta":[],"product_cat":[84,82],"product_tag":[],"class_list":{"0":"post-8745","1":"product","2":"type-product","3":"status-publish","4":"has-post-thumbnail","6":"product_cat-quadro-sauna","7":"product_cat-sauna","8":"pa_brand-woodbau","10":"first","11":"instock","12":"shipping-taxable","13":"purchasable","14":"product-type-simple"},"_links":{"self":[{"href":"https:\/\/forgarden.de\/index.php?rest_route=\/wp\/v2\/product\/8745","targetHints":{"allow":["GET"]}}],"collection":[{"href":"https:\/\/forgarden.de\/index.php?rest_route=\/wp\/v2\/product"}],"about":[{"href":"https:\/\/forgarden.de\/index.php?rest_route=\/wp\/v2\/types\/product"}],"replies":[{"embeddable":true,"href":"https:\/\/forgarden.de\/index.php?rest_route=%2Fwp%2Fv2%2Fcomments&post=8745"}],"version-history":[{"count":1,"href":"https:\/\/forgarden.de\/index.php?rest_route=\/wp\/v2\/product\/8745\/revisions"}],"predecessor-version":[{"id":8747,"href":"https:\/\/forgarden.de\/index.php?rest_route=\/wp\/v2\/product\/8745\/revisions\/8747"}],"wp:featuredmedia":[{"embeddable":true,"href":"https:\/\/forgarden.de\/index.php?rest_route=\/wp\/v2\/media\/8746"}],"wp:attachment":[{"href":"https:\/\/forgarden.de\/index.php?rest_route=%2Fwp%2Fv2%2Fmedia&parent=8745"}],"wp:term":[{"taxonomy":"product_cat","embeddable":true,"href":"https:\/\/forgarden.de\/index.php?rest_route=%2Fwp%2Fv2%2Fproduct_cat&post=8745"},{"taxonomy":"product_tag","embeddable":true,"href":"https:\/\/forgarden.de\/index.php?rest_route=%2Fwp%2Fv2%2Fproduct_tag&post=8745"}],"curies":[{"name":"wp","href":"https:\/\/api.w.org\/{rel}","templated":true}]}}