{"id":8748,"date":"2022-06-14T23:11:14","date_gmt":"2022-06-14T20:11:14","guid":{"rendered":"https:\/\/boika.org\/?post_type=product&#038;p=8748"},"modified":"2022-06-25T10:37:17","modified_gmt":"2022-06-25T07:37:17","slug":"ovale-fasssauna","status":"publish","type":"product","link":"https:\/\/forgarden.de\/?product=ovale-fasssauna","title":{"rendered":"OVALE FASSSAUNA"},"content":{"rendered":"<p>Das Hauptmerkmal der Oval Saunen liegt in ihrer ungew\u00f6hnlichen, einzigartigen Form. Das Fehlen von scharfen Ecken und geometrischen Geraden bringt Behaglichkeit, Sch\u00f6nheit und eine gewisse Privatheit in die Atmosph\u00e4re. Sie sind f\u00fcr die Funktionalit\u00e4t, Zweckm\u00e4\u00dfigkeit, Komfort der Holzkonstruktionen und ein umwerfender Kiefernduft so beliebt.<br \/>\nDie Oval Sauna ist ergonomisch geformt und so konzipiert, dass die W\u00e4rme gleichm\u00e4\u00dfig verteilt wird, deswegen das Aufheizen der Oval Sauna wesentlich k\u00fcrzer ist.<br \/>\nF\u00fcr die Installation ist kein Fundamentgu\u00df n\u00f6tig. Ein ebener, gestampfter Untergrund ist ausreichend. Bei unebenem Boden kann eine Pfahlgr\u00fcndung verwendet werden.<br \/>\nDie Konstruktion der Oval Sauna ist stabil und langlebig. Bei richtiger Wartung betr\u00e4gt die Lebensdauer ca. 15-20 Jahre halten.<\/p>\n","protected":false},"excerpt":{"rendered":"<p>Das Hauptmerkmal der Oval Saunen liegt in ihrer ungew\u00f6hnlichen, einzigartigen Form. Das Fehlen von scharfen Ecken und geometrischen Geraden bringt<\/p>\n","protected":false},"featured_media":8749,"comment_status":"open","ping_status":"closed","template":"","meta":[],"product_cat":[85,82],"product_tag":[],"class_list":{"0":"post-8748","1":"product","2":"type-product","3":"status-publish","4":"has-post-thumbnail","6":"product_cat-ovale-fasssauna","7":"product_cat-sauna","8":"pa_brand-woodbau","10":"first","11":"instock","12":"shipping-taxable","13":"purchasable","14":"product-type-simple"},"_links":{"self":[{"href":"https:\/\/forgarden.de\/index.php?rest_route=\/wp\/v2\/product\/8748","targetHints":{"allow":["GET"]}}],"collection":[{"href":"https:\/\/forgarden.de\/index.php?rest_route=\/wp\/v2\/product"}],"about":[{"href":"https:\/\/forgarden.de\/index.php?rest_route=\/wp\/v2\/types\/product"}],"replies":[{"embeddable":true,"href":"https:\/\/forgarden.de\/index.php?rest_route=%2Fwp%2Fv2%2Fcomments&post=8748"}],"version-history":[{"count":1,"href":"https:\/\/forgarden.de\/index.php?rest_route=\/wp\/v2\/product\/8748\/revisions"}],"predecessor-version":[{"id":8750,"href":"https:\/\/forgarden.de\/index.php?rest_route=\/wp\/v2\/product\/8748\/revisions\/8750"}],"wp:featuredmedia":[{"embeddable":true,"href":"https:\/\/forgarden.de\/index.php?rest_route=\/wp\/v2\/media\/8749"}],"wp:attachment":[{"href":"https:\/\/forgarden.de\/index.php?rest_route=%2Fwp%2Fv2%2Fmedia&parent=8748"}],"wp:term":[{"taxonomy":"product_cat","embeddable":true,"href":"https:\/\/forgarden.de\/index.php?rest_route=%2Fwp%2Fv2%2Fproduct_cat&post=8748"},{"taxonomy":"product_tag","embeddable":true,"href":"https:\/\/forgarden.de\/index.php?rest_route=%2Fwp%2Fv2%2Fproduct_tag&post=8748"}],"curies":[{"name":"wp","href":"https:\/\/api.w.org\/{rel}","templated":true}]}}