{"id":8751,"date":"2022-06-14T23:14:09","date_gmt":"2022-06-14T20:14:09","guid":{"rendered":"https:\/\/boika.org\/?post_type=product&#038;p=8751"},"modified":"2022-06-25T10:51:38","modified_gmt":"2022-06-25T07:51:38","slug":"gewolbte-sauna","status":"publish","type":"product","link":"https:\/\/forgarden.de\/?product=gewolbte-sauna","title":{"rendered":"GEW\u00d6LBTE SAUNA"},"content":{"rendered":"<p>Die gew\u00f6lbte Sauna ist eine bequeme Option f\u00fcr diejenigen, die eine Sauna f\u00fcr ihr Haus oder ihr Ferienhaus suchen. Der Vorteil dieser Sauna ist ihr au\u00dfergew\u00f6hnliches Design.<br \/>\nDie gew\u00f6lbte Bauweise erm\u00f6glicht 4 bis 6 Personen ein bequemes Sitzen im Dampfraum, sorgt f\u00fcr eine gleichm\u00e4\u00dfige Temperaturverteilung in der Sauna und h\u00e4lt die eingestellte Temperatur \u00fcber lange Zeitr\u00e4ume aufrecht. Die mobile gew\u00f6lbte Sauna kann leicht auf einem Autoanh\u00e4nger transportiert werden, schm\u00fcckt jede Landschaft und spart Ressourcen bei der Nutzung.<br \/>\nSie k\u00f6nnen die B\u00e4nke mit zwei Ebenen, Kopfst\u00fctzen, R\u00fcckenlehnen, Beleuchtung usw. bestellen.<\/p>\n<p>Eine wichtige Eigenschaft der gew\u00f6lbten Sauna ist der Vorraum, in dem Sie sich nach einem Besuch im Dampfbad entspannen und abk\u00fchlen k\u00f6nnen. Die gew\u00f6lbte Sauna verf\u00fcgt au\u00dferdem \u00fcber einen ger\u00e4umigen Vorbau mit zwei B\u00e4nken, auf denen Sie sich nach Ihrem Besuch im Dampfraum entspannen k\u00f6nnen.<\/p>\n","protected":false},"excerpt":{"rendered":"<p>Die gew\u00f6lbte Sauna ist eine bequeme Option f\u00fcr diejenigen, die eine Sauna f\u00fcr ihr Haus oder ihr Ferienhaus suchen. Der<\/p>\n","protected":false},"featured_media":8607,"comment_status":"open","ping_status":"closed","template":"","meta":[],"product_cat":[86,82],"product_tag":[],"class_list":{"0":"post-8751","1":"product","2":"type-product","3":"status-publish","4":"has-post-thumbnail","6":"product_cat-gewolbte-sauna","7":"product_cat-sauna","8":"pa_brand-woodbau","10":"first","11":"instock","12":"shipping-taxable","13":"purchasable","14":"product-type-variable","15":"has-default-attributes"},"_links":{"self":[{"href":"https:\/\/forgarden.de\/index.php?rest_route=\/wp\/v2\/product\/8751","targetHints":{"allow":["GET"]}}],"collection":[{"href":"https:\/\/forgarden.de\/index.php?rest_route=\/wp\/v2\/product"}],"about":[{"href":"https:\/\/forgarden.de\/index.php?rest_route=\/wp\/v2\/types\/product"}],"replies":[{"embeddable":true,"href":"https:\/\/forgarden.de\/index.php?rest_route=%2Fwp%2Fv2%2Fcomments&post=8751"}],"version-history":[{"count":1,"href":"https:\/\/forgarden.de\/index.php?rest_route=\/wp\/v2\/product\/8751\/revisions"}],"predecessor-version":[{"id":8752,"href":"https:\/\/forgarden.de\/index.php?rest_route=\/wp\/v2\/product\/8751\/revisions\/8752"}],"wp:featuredmedia":[{"embeddable":true,"href":"https:\/\/forgarden.de\/index.php?rest_route=\/wp\/v2\/media\/8607"}],"wp:attachment":[{"href":"https:\/\/forgarden.de\/index.php?rest_route=%2Fwp%2Fv2%2Fmedia&parent=8751"}],"wp:term":[{"taxonomy":"product_cat","embeddable":true,"href":"https:\/\/forgarden.de\/index.php?rest_route=%2Fwp%2Fv2%2Fproduct_cat&post=8751"},{"taxonomy":"product_tag","embeddable":true,"href":"https:\/\/forgarden.de\/index.php?rest_route=%2Fwp%2Fv2%2Fproduct_tag&post=8751"}],"curies":[{"name":"wp","href":"https:\/\/api.w.org\/{rel}","templated":true}]}}